{"id":30152,"date":"2024-04-21T19:13:54","date_gmt":"2024-04-21T17:13:54","guid":{"rendered":"https:\/\/osteopathe-vevey.ch\/?page_id=30152"},"modified":"2025-02-05T09:46:30","modified_gmt":"2025-02-05T08:46:30","slug":"alexandra-eichenberger","status":"publish","type":"page","link":"https:\/\/osteopathe-vevey.ch\/en\/alexandra-eichenberger\/","title":{"rendered":"Alexandra Eichenberger"},"content":{"rendered":"<p>[et_pb_section fb_built=&#8221;1&#8243; _builder_version=&#8221;4.16&#8243; _module_preset=&#8221;default&#8221; global_colors_info=&#8221;{}&#8221;][et_pb_row _builder_version=&#8221;4.27.4&#8243; _module_preset=&#8221;default&#8221;][et_pb_column _builder_version=&#8221;4.27.4&#8243; _module_preset=&#8221;default&#8221; type=&#8221;4_4&#8243;][et_pb_text _builder_version=&#8221;4.27.4&#8243; _module_preset=&#8221;default&#8221; hover_enabled=&#8221;0&#8243; sticky_enabled=&#8221;0&#8243;]<\/p>\n<span><span><a href=\"https:\/\/osteopathe-vevey.ch\/en\/\">Our therapists<\/a><\/span><\/span>\n<p>[\/et_pb_text][\/et_pb_column][\/et_pb_row][et_pb_row _builder_version=&#8221;4.27.4&#8243; _module_preset=&#8221;default&#8221; custom_padding=&#8221;||0px|||&#8221; global_colors_info=&#8221;{}&#8221;][et_pb_column type=&#8221;4_4&#8243; _builder_version=&#8221;4.16&#8243; _module_preset=&#8221;default&#8221; global_colors_info=&#8221;{}&#8221;][et_pb_team_member name=&#8221;Alexandra Eichenberger&#8221; position=&#8221;Osteopath D.O. CDS &#8221; image_url=&#8221;https:\/\/osteopathe-vevey.ch\/wp-content\/uploads\/2024\/04\/alexandra-eichenberger-osteopathe-.png&#8221; _builder_version=&#8221;4.25.0&#8243; _module_preset=&#8221;default&#8221; custom_padding=&#8221;||0px|||&#8221; global_colors_info=&#8221;{}&#8221;]<\/p>\n<div class=\"od-profile-card-section-description-item\">\n<p>Graduate of Ecole Suisse d&#8217;ost\u00e9opathie<\/p>\n<p><span style=\"font-size: small;\"><\/span><\/p>\n<h1><span style=\"font-size: small;\">Spoken languages<\/span><\/h1>\n<h4><span style=\"font-size: small; color: #666666;\">French, English, italian<\/span><\/h4>\n<p><span style=\"font-size: small;\"><\/span><\/p>\n<\/div>\n<div class=\"od-profile-card-section-description-item\">\n<h4><span style=\"font-size: small;\"><\/span><\/h4>\n<h4><span style=\"font-size: small;\">Insurance networks<\/span><\/h4>\n<p><span style=\"font-size: small;\">RME, ASCA, Visana, EGK<\/span><\/p>\n<p><span style=\"font-size: small;\"><\/span><\/p>\n<p><span style=\"font-size: small;\"><\/span><\/p>\n<p><span style=\"font-size: small;\"><\/span><\/p>\n<p><span style=\"font-size: small;\"><\/span><\/p>\n<\/div>\n<p>[\/et_pb_team_member][\/et_pb_column][\/et_pb_row][et_pb_row column_structure=&#8221;3_4,1_4&#8243; _builder_version=&#8221;4.16&#8243; _module_preset=&#8221;default&#8221; min_height=&#8221;454px&#8221; custom_padding=&#8221;0px|||||&#8221; global_colors_info=&#8221;{}&#8221;][et_pb_column type=&#8221;3_4&#8243; _builder_version=&#8221;4.16&#8243; _module_preset=&#8221;default&#8221; global_colors_info=&#8221;{}&#8221;][et_pb_team_member name=&#8221;Place of consultation&#8221; position=&#8221;Espace Sant\u00e9 &#8211; Les Ateliers&#8221; image_url=&#8221;https:\/\/osteopathe-vevey.ch\/wp-content\/uploads\/2021\/02\/LogoRect.png&#8221; _builder_version=&#8221;4.16&#8243; _module_preset=&#8221;default&#8221; header_level=&#8221;h3&#8243; custom_margin=&#8221;0px||||false|false&#8221; border_color_all_image=&#8221;#ffffff&#8221; global_colors_info=&#8221;{}&#8221;]<\/p>\n<div class=\"od-profile-card-section-description-item\">\n<h4><\/h4>\n<h4><span style=\"font-size: small;\">Rue des Deux-Gares 6B, 1800 Vevey<\/span><\/h4>\n<p><span style=\"font-size: small;\">&#8220;On the 2nd floor of the Halle Inox, the former mechanical engineering workshops of Vevey, opposite the Garderie Les Ateliers&#8221;.<\/span><\/p>\n<p>&nbsp;<\/p>\n<\/div>\n<div class=\"od-profile-card-section-description-item\"><\/div>\n<p>[\/et_pb_team_member][\/et_pb_column][et_pb_column type=&#8221;1_4&#8243; _builder_version=&#8221;4.16&#8243; _module_preset=&#8221;default&#8221; global_colors_info=&#8221;{}&#8221;][\/et_pb_column][\/et_pb_row][et_pb_row _builder_version=&#8221;4.16&#8243; _module_preset=&#8221;default&#8221; global_colors_info=&#8221;{}&#8221;][et_pb_column type=&#8221;4_4&#8243; _builder_version=&#8221;4.16&#8243; _module_preset=&#8221;default&#8221; global_colors_info=&#8221;{}&#8221;][et_pb_code _builder_version=&#8221;4.25.0&#8243; _module_preset=&#8221;default&#8221; global_colors_info=&#8221;{}&#8221;]<script>var widgetConfigs=widgetConfigs||{};widgetConfigs[\"8fc993e24e5b2d891d5d5287f002e57fe2a8c8d9f2b3ea269d4216787ed16c20\"]={},widgetConfigs[\"8fc993e24e5b2d891d5d5287f002e57fe2a8c8d9f2b3ea269d4216787ed16c20\"].measurementIds=[],widgetConfigs[\"8fc993e24e5b2d891d5d5287f002e57fe2a8c8d9f2b3ea269d4216787ed16c20\"].hasGoogleTagTracking=!1,window.addEventListener(\"message\",(function(e){var t=e.data[\"od-widget-id\"],i=e.data[\"od-widget-height\"],d=e.data[\"od-widget-ios\"];if(t&&t in widgetConfigs&&\"8fc993e24e5b2d891d5d5287f002e57fe2a8c8d9f2b3ea269d4216787ed16c20\"===t){var a=document.getElementById(\"od-widget-\"+t);i&&(a.style.height=i+\"px\"),!0===d&&(a.style.width=\"100px\",a.style[\"min-width\"]=\"100%\",a.scrolling=\"no\");var g=e.data[\"od-tracking-configs\"];void 0!==g&&(widgetConfigs[t].measurementIds=g);var o=e.data[\"od-has-google-tag-manager\"];void 0!==o&&(widgetConfigs[t].hasGoogleTagTracking=o);var n=e.data.GA4;if(widgetConfigs[t].hasGoogleTagTracking&&window.dataLayer&&n){var s=Object.keys(n.properties),r={event:n.name};s.forEach((function(e){r[e]=n.properties[e]})),dataLayer.push(r)}if(n&&void 0!==window.gtag)for(var w=0;w<widgetConfigs[t].measurementIds.length;w++){var f=widgetConfigs[t].measurementIds[w],c=(s=Object.keys(n.properties),{send_to:f});s.forEach((function(e){c[e]=n.properties[e]})),gtag(\"event\",n.name,c)}}})),window.addEventListener(\"load\",(function(e){for(var t=document.querySelectorAll(\"iframe.od-widget\"),i=0;i<t.length;i++){var d=t[i];d.dataset&#038;&#038;d.dataset.src&#038;&#038;(d.src=d.dataset.src)}}));<\/script><iframe class=\"od-widget\" id=\"od-widget-8fc993e24e5b2d891d5d5287f002e57fe2a8c8d9f2b3ea269d4216787ed16c20\" src=\"about:blank\" data-src=\"https:\/\/www.onedoc.ch\/en\/widget\/8fc993e24e5b2d891d5d5287f002e57fe2a8c8d9f2b3ea269d4216787ed16c20\" frameborder=\"0\" style=\"width:100%;max-width:1024px;height:400px\"><\/iframe>[\/et_pb_code][\/et_pb_column][\/et_pb_row][et_pb_row _builder_version=\"4.16\" _module_preset=\"default\" global_colors_info=\"{}\"][et_pb_column type=\"4_4\" _builder_version=\"4.16\" _module_preset=\"default\" global_colors_info=\"{}\"][et_pb_text _builder_version=\"4.16\" _module_preset=\"default\" custom_padding=\"0px||17px|||\" global_colors_info=\"{}\"]<\/p>\n<p>A wider choice of time slots is available on the <a href=\"https:\/\/osteopathe-vevey.ch\/en\/\">home page of our website Osteopath-Vevey.ch<\/a><\/p>\n<p>[\/et_pb_text][et_pb_button button_url=\"tel:0215190813\" button_text=\"Secr\u00e9tariat au 021 519 08 13. (08:30-12:45 ; 13:15-19:00)\" _builder_version=\"4.21.0\" _module_preset=\"default\" global_colors_info=\"{}\"][\/et_pb_button][\/et_pb_column][\/et_pb_row][\/et_pb_section]<\/p>\n","protected":false},"excerpt":{"rendered":"<p><span><span><a href=\"https:\/\/osteopathe-vevey.ch\/en\/\">Our therapists<\/a><\/span><\/span> Graduate of Ecole Suisse d&#8217;ost\u00e9opathie Spoken languages French, English, italian Insurance networks RME, ASCA, Visana, EGK Rue des Deux-Gares 6B, 1800 Vevey &#8220;On the 2nd floor of the Halle Inox, the former mechanical engineering workshops of Vevey, opposite the Garderie Les Ateliers&#8221;. &nbsp; A wider choice of time slots is available on the home [&hellip;]<\/p>\n","protected":false},"author":1,"featured_media":0,"parent":0,"menu_order":0,"comment_status":"closed","ping_status":"closed","template":"","meta":{"_et_pb_use_builder":"on","_et_pb_old_content":"","_et_gb_content_width":"","footnotes":""},"class_list":["post-30152","page","type-page","status-publish","hentry"],"yoast_head":"<!-- This site is optimized with the Yoast SEO plugin v27.3 - https:\/\/yoast.com\/product\/yoast-seo-wordpress\/ -->\n<title>Alexandra Eichenberger - Osteopath-Vevey.ch : Osteopath practice Aur\u00e9lien Huppert et al.<\/title>\n<meta name=\"description\" content=\"Osteopath practice at Espace Sant\u00e9 - Les Ateliers \u2013 021 519 08 13 \u2013 Online booking \u2013 Rue des Deux-Gares 6B, 1800 Vevey - Alexandra Eichenberger\" \/>\n<meta name=\"robots\" content=\"index, follow, max-snippet:-1, max-image-preview:large, max-video-preview:-1\" \/>\n<link rel=\"canonical\" href=\"https:\/\/osteopathe-vevey.ch\/en\/alexandra-eichenberger\/\" \/>\n<meta property=\"og:locale\" content=\"en_US\" \/>\n<meta property=\"og:type\" content=\"article\" \/>\n<meta property=\"og:title\" content=\"Alexandra Eichenberger - Osteopath-Vevey.ch : Osteopath practice Aur\u00e9lien Huppert et al.\" \/>\n<meta property=\"og:description\" content=\"Osteopath practice at Espace Sant\u00e9 - Les Ateliers \u2013 021 519 08 13 \u2013 Online booking \u2013 Rue des Deux-Gares 6B, 1800 Vevey - Alexandra Eichenberger\" \/>\n<meta property=\"og:url\" content=\"https:\/\/osteopathe-vevey.ch\/en\/alexandra-eichenberger\/\" \/>\n<meta property=\"og:site_name\" content=\"Osteopath-Vevey.ch : Osteopath practice Aur\u00e9lien Huppert et al.\" \/>\n<meta property=\"article:publisher\" content=\"https:\/\/www.facebook.com\/osteopathevevey.ch\" \/>\n<meta property=\"article:modified_time\" content=\"2025-02-05T08:46:30+00:00\" \/>\n<meta property=\"og:image\" content=\"https:\/\/osteopathe-vevey.ch\/wp-content\/uploads\/2024\/09\/LogoOV_500_Roue-1.png\" \/>\n\t<meta property=\"og:image:width\" content=\"500\" \/>\n\t<meta property=\"og:image:height\" content=\"197\" \/>\n\t<meta property=\"og:image:type\" content=\"image\/png\" \/>\n<meta name=\"twitter:card\" content=\"summary_large_image\" \/>\n<meta name=\"twitter:label1\" content=\"Est. reading time\" \/>\n\t<meta name=\"twitter:data1\" content=\"2 minutes\" \/>\n<script type=\"application\/ld+json\" class=\"yoast-schema-graph\">{\"@context\":\"https:\\\/\\\/schema.org\",\"@graph\":[{\"@type\":\"WebPage\",\"@id\":\"https:\\\/\\\/osteopathe-vevey.ch\\\/en\\\/alexandra-eichenberger\\\/\",\"url\":\"https:\\\/\\\/osteopathe-vevey.ch\\\/en\\\/alexandra-eichenberger\\\/\",\"name\":\"Alexandra Eichenberger - Osteopath-Vevey.ch : Osteopath practice Aur\u00e9lien Huppert et al.\",\"isPartOf\":{\"@id\":\"https:\\\/\\\/osteopathe-vevey.ch\\\/en\\\/#website\"},\"datePublished\":\"2024-04-21T17:13:54+00:00\",\"dateModified\":\"2025-02-05T08:46:30+00:00\",\"description\":\"Osteopath practice at Espace Sant\u00e9 - Les Ateliers \u2013 021 519 08 13 \u2013 Online booking \u2013 Rue des Deux-Gares 6B, 1800 Vevey - Alexandra Eichenberger\",\"breadcrumb\":{\"@id\":\"https:\\\/\\\/osteopathe-vevey.ch\\\/en\\\/alexandra-eichenberger\\\/#breadcrumb\"},\"inLanguage\":\"en-US\",\"potentialAction\":[{\"@type\":\"ReadAction\",\"target\":[\"https:\\\/\\\/osteopathe-vevey.ch\\\/en\\\/alexandra-eichenberger\\\/\"]}]},{\"@type\":\"BreadcrumbList\",\"@id\":\"https:\\\/\\\/osteopathe-vevey.ch\\\/en\\\/alexandra-eichenberger\\\/#breadcrumb\",\"itemListElement\":[{\"@type\":\"ListItem\",\"position\":1,\"name\":\"Our therapists\",\"item\":\"https:\\\/\\\/osteopathe-vevey.ch\\\/en\\\/\"},{\"@type\":\"ListItem\",\"position\":2,\"name\":\"Alexandra Eichenberger\"}]},{\"@type\":\"WebSite\",\"@id\":\"https:\\\/\\\/osteopathe-vevey.ch\\\/en\\\/#website\",\"url\":\"https:\\\/\\\/osteopathe-vevey.ch\\\/en\\\/\",\"name\":\"Osteopath-Vevey.ch : Osteopath practice Aur\u00e9lien Huppert et al.\",\"description\":\"Prenez rendez-vous en ligne, nous vous recevons \u00e0 l&#039;Espace Sant\u00e9 - les Ateliers\",\"publisher\":{\"@id\":\"https:\\\/\\\/osteopathe-vevey.ch\\\/en\\\/#organization\"},\"potentialAction\":[{\"@type\":\"SearchAction\",\"target\":{\"@type\":\"EntryPoint\",\"urlTemplate\":\"https:\\\/\\\/osteopathe-vevey.ch\\\/en\\\/?s={search_term_string}\"},\"query-input\":{\"@type\":\"PropertyValueSpecification\",\"valueRequired\":true,\"valueName\":\"search_term_string\"}}],\"inLanguage\":\"en-US\"},{\"@type\":\"Organization\",\"@id\":\"https:\\\/\\\/osteopathe-vevey.ch\\\/en\\\/#organization\",\"name\":\"Ost\u00e9opathe-Vevey.ch\",\"url\":\"https:\\\/\\\/osteopathe-vevey.ch\\\/en\\\/\",\"logo\":{\"@type\":\"ImageObject\",\"inLanguage\":\"en-US\",\"@id\":\"https:\\\/\\\/osteopathe-vevey.ch\\\/en\\\/#\\\/schema\\\/logo\\\/image\\\/\",\"url\":\"https:\\\/\\\/osteopathe-vevey.ch\\\/wp-content\\\/uploads\\\/2022\\\/02\\\/LogoOV_700.png\",\"contentUrl\":\"https:\\\/\\\/osteopathe-vevey.ch\\\/wp-content\\\/uploads\\\/2022\\\/02\\\/LogoOV_700.png\",\"width\":700,\"height\":276,\"caption\":\"Ost\u00e9opathe-Vevey.ch\"},\"image\":{\"@id\":\"https:\\\/\\\/osteopathe-vevey.ch\\\/en\\\/#\\\/schema\\\/logo\\\/image\\\/\"},\"sameAs\":[\"https:\\\/\\\/www.facebook.com\\\/osteopathevevey.ch\",\"https:\\\/\\\/www.instagram.com\\\/osteopathevevey.ch\\\/\"]}]}<\/script>\n<!-- \/ Yoast SEO plugin. -->","yoast_head_json":{"title":"Alexandra Eichenberger - Osteopath-Vevey.ch : Osteopath practice Aur\u00e9lien Huppert et al.","description":"Osteopath practice at Espace Sant\u00e9 - Les Ateliers \u2013 021 519 08 13 \u2013 Online booking \u2013 Rue des Deux-Gares 6B, 1800 Vevey - Alexandra Eichenberger","robots":{"index":"index","follow":"follow","max-snippet":"max-snippet:-1","max-image-preview":"max-image-preview:large","max-video-preview":"max-video-preview:-1"},"canonical":"https:\/\/osteopathe-vevey.ch\/en\/alexandra-eichenberger\/","og_locale":"en_US","og_type":"article","og_title":"Alexandra Eichenberger - Osteopath-Vevey.ch : Osteopath practice Aur\u00e9lien Huppert et al.","og_description":"Osteopath practice at Espace Sant\u00e9 - Les Ateliers \u2013 021 519 08 13 \u2013 Online booking \u2013 Rue des Deux-Gares 6B, 1800 Vevey - Alexandra Eichenberger","og_url":"https:\/\/osteopathe-vevey.ch\/en\/alexandra-eichenberger\/","og_site_name":"Osteopath-Vevey.ch : Osteopath practice Aur\u00e9lien Huppert et al.","article_publisher":"https:\/\/www.facebook.com\/osteopathevevey.ch","article_modified_time":"2025-02-05T08:46:30+00:00","og_image":[{"width":500,"height":197,"url":"https:\/\/osteopathe-vevey.ch\/wp-content\/uploads\/2024\/09\/LogoOV_500_Roue-1.png","type":"image\/png"}],"twitter_card":"summary_large_image","twitter_misc":{"Est. reading time":"2 minutes"},"schema":{"@context":"https:\/\/schema.org","@graph":[{"@type":"WebPage","@id":"https:\/\/osteopathe-vevey.ch\/en\/alexandra-eichenberger\/","url":"https:\/\/osteopathe-vevey.ch\/en\/alexandra-eichenberger\/","name":"Alexandra Eichenberger - Osteopath-Vevey.ch : Osteopath practice Aur\u00e9lien Huppert et al.","isPartOf":{"@id":"https:\/\/osteopathe-vevey.ch\/en\/#website"},"datePublished":"2024-04-21T17:13:54+00:00","dateModified":"2025-02-05T08:46:30+00:00","description":"Osteopath practice at Espace Sant\u00e9 - Les Ateliers \u2013 021 519 08 13 \u2013 Online booking \u2013 Rue des Deux-Gares 6B, 1800 Vevey - Alexandra Eichenberger","breadcrumb":{"@id":"https:\/\/osteopathe-vevey.ch\/en\/alexandra-eichenberger\/#breadcrumb"},"inLanguage":"en-US","potentialAction":[{"@type":"ReadAction","target":["https:\/\/osteopathe-vevey.ch\/en\/alexandra-eichenberger\/"]}]},{"@type":"BreadcrumbList","@id":"https:\/\/osteopathe-vevey.ch\/en\/alexandra-eichenberger\/#breadcrumb","itemListElement":[{"@type":"ListItem","position":1,"name":"Our therapists","item":"https:\/\/osteopathe-vevey.ch\/en\/"},{"@type":"ListItem","position":2,"name":"Alexandra Eichenberger"}]},{"@type":"WebSite","@id":"https:\/\/osteopathe-vevey.ch\/en\/#website","url":"https:\/\/osteopathe-vevey.ch\/en\/","name":"Osteopath-Vevey.ch : Osteopath practice Aur\u00e9lien Huppert et al.","description":"Prenez rendez-vous en ligne, nous vous recevons \u00e0 l&#039;Espace Sant\u00e9 - les Ateliers","publisher":{"@id":"https:\/\/osteopathe-vevey.ch\/en\/#organization"},"potentialAction":[{"@type":"SearchAction","target":{"@type":"EntryPoint","urlTemplate":"https:\/\/osteopathe-vevey.ch\/en\/?s={search_term_string}"},"query-input":{"@type":"PropertyValueSpecification","valueRequired":true,"valueName":"search_term_string"}}],"inLanguage":"en-US"},{"@type":"Organization","@id":"https:\/\/osteopathe-vevey.ch\/en\/#organization","name":"Ost\u00e9opathe-Vevey.ch","url":"https:\/\/osteopathe-vevey.ch\/en\/","logo":{"@type":"ImageObject","inLanguage":"en-US","@id":"https:\/\/osteopathe-vevey.ch\/en\/#\/schema\/logo\/image\/","url":"https:\/\/osteopathe-vevey.ch\/wp-content\/uploads\/2022\/02\/LogoOV_700.png","contentUrl":"https:\/\/osteopathe-vevey.ch\/wp-content\/uploads\/2022\/02\/LogoOV_700.png","width":700,"height":276,"caption":"Ost\u00e9opathe-Vevey.ch"},"image":{"@id":"https:\/\/osteopathe-vevey.ch\/en\/#\/schema\/logo\/image\/"},"sameAs":["https:\/\/www.facebook.com\/osteopathevevey.ch","https:\/\/www.instagram.com\/osteopathevevey.ch\/"]}]}},"_links":{"self":[{"href":"https:\/\/osteopathe-vevey.ch\/en\/wp-json\/wp\/v2\/pages\/30152","targetHints":{"allow":["GET"]}}],"collection":[{"href":"https:\/\/osteopathe-vevey.ch\/en\/wp-json\/wp\/v2\/pages"}],"about":[{"href":"https:\/\/osteopathe-vevey.ch\/en\/wp-json\/wp\/v2\/types\/page"}],"author":[{"embeddable":true,"href":"https:\/\/osteopathe-vevey.ch\/en\/wp-json\/wp\/v2\/users\/1"}],"replies":[{"embeddable":true,"href":"https:\/\/osteopathe-vevey.ch\/en\/wp-json\/wp\/v2\/comments?post=30152"}],"version-history":[{"count":7,"href":"https:\/\/osteopathe-vevey.ch\/en\/wp-json\/wp\/v2\/pages\/30152\/revisions"}],"predecessor-version":[{"id":30374,"href":"https:\/\/osteopathe-vevey.ch\/en\/wp-json\/wp\/v2\/pages\/30152\/revisions\/30374"}],"wp:attachment":[{"href":"https:\/\/osteopathe-vevey.ch\/en\/wp-json\/wp\/v2\/media?parent=30152"}],"curies":[{"name":"wp","href":"https:\/\/api.w.org\/{rel}","templated":true}]}}